{"id":1552,"date":"2022-06-02T08:50:26","date_gmt":"2022-06-02T08:50:26","guid":{"rendered":"https:\/\/jazzproarte.wordpress.com\/?page_id=1552"},"modified":"2024-01-24T16:06:28","modified_gmt":"2024-01-24T14:06:28","slug":"bandes","status":"publish","type":"page","link":"https:\/\/jazzproarte.com\/es\/bandes\/","title":{"rendered":"BANDES"},"content":{"rendered":"<figure class=\"wp-block-image size-large aligncenter\"><a href=\"https:\/\/jazzproarte.comla-voodoo-jazz-band\/\"><img decoding=\"async\" src=\"https:\/\/jazzproarte.files.wordpress.com\/2022\/06\/voodooriso.petit2_.png?w=780\" alt=\"\" class=\"wp-image-1598\"\/><\/a><figcaption class=\"wp-element-caption\"><a href=\"https:\/\/jazzproarte.comla-voodoo-jazz-band\/\"><strong>LA VOODOO JAZZ BAND<\/strong><\/a><\/figcaption><\/figure><figure class=\"wp-block-image size-large aligncenter\"><a href=\"https:\/\/jazzproarte.comla-raval-jazz-society\/\"><img decoding=\"async\" src=\"https:\/\/jazzproarte.files.wordpress.com\/2022\/06\/laravalrisoamplada.png?w=780\" alt=\"\" class=\"wp-image-1791\"\/><\/a><figcaption class=\"wp-element-caption\"><strong><a href=\"https:\/\/jazzproarte.comla-raval-jazz-society\/\">LA RAVAL JAZZ SOCIETY<\/a><\/strong><\/figcaption><\/figure>","protected":false},"excerpt":{"rendered":"","protected":false},"author":1,"featured_media":0,"parent":0,"menu_order":0,"comment_status":"closed","ping_status":"closed","template":"","meta":{"_gspb_post_css":"","_mbp_gutenberg_autopost":false,"footnotes":""},"class_list":["post-1552","page","type-page","status-publish","hentry"],"yoast_head":"<!-- This site is optimized with the Yoast SEO plugin v27.4 - https:\/\/yoast.com\/product\/yoast-seo-wordpress\/ -->\n<title>BANDES &#183; Jazz Pro Arte<\/title>\n<meta name=\"robots\" content=\"index, follow, max-snippet:-1, max-image-preview:large, max-video-preview:-1\" \/>\n<link rel=\"canonical\" href=\"https:\/\/jazzproarte.com\/es\/bandes\/\" \/>\n<meta property=\"og:locale\" content=\"es_ES\" \/>\n<meta property=\"og:type\" content=\"article\" \/>\n<meta property=\"og:title\" content=\"BANDES &#183; Jazz Pro Arte\" \/>\n<meta property=\"og:url\" content=\"https:\/\/jazzproarte.com\/es\/bandes\/\" \/>\n<meta property=\"og:site_name\" content=\"Jazz Pro Arte\" \/>\n<meta property=\"article:publisher\" content=\"https:\/\/www.facebook.com\/jazzproarte\/\" \/>\n<meta property=\"article:modified_time\" content=\"2024-01-24T14:06:28+00:00\" \/>\n<meta property=\"og:image\" content=\"https:\/\/jazzproarte.files.wordpress.com\/2022\/06\/voodooriso.petit2_.png?w=780\" \/>\n<meta name=\"twitter:card\" content=\"summary_large_image\" \/>\n<meta name=\"twitter:label1\" content=\"Tiempo de lectura\" \/>\n\t<meta name=\"twitter:data1\" content=\"1 minuto\" \/>\n<!-- \/ Yoast SEO plugin. -->","yoast_head_json":{"title":"BANDES &#183; Jazz Pro Arte","robots":{"index":"index","follow":"follow","max-snippet":"max-snippet:-1","max-image-preview":"max-image-preview:large","max-video-preview":"max-video-preview:-1"},"canonical":"https:\/\/jazzproarte.com\/es\/bandes\/","og_locale":"es_ES","og_type":"article","og_title":"BANDES &#183; Jazz Pro Arte","og_url":"https:\/\/jazzproarte.com\/es\/bandes\/","og_site_name":"Jazz Pro Arte","article_publisher":"https:\/\/www.facebook.com\/jazzproarte\/","article_modified_time":"2024-01-24T14:06:28+00:00","og_image":[{"url":"https:\/\/jazzproarte.files.wordpress.com\/2022\/06\/voodooriso.petit2_.png?w=780","type":"","width":"","height":""}],"twitter_card":"summary_large_image","twitter_misc":{"Tiempo de lectura":"1 minuto"},"schema":{"@context":"https:\/\/schema.org","@graph":[{"@type":"WebPage","@id":"https:\/\/jazzproarte.com\/bandes\/","url":"https:\/\/jazzproarte.com\/bandes\/","name":"BANDES &#183; Jazz Pro Arte","isPartOf":{"@id":"https:\/\/jazzproarte.com\/#website"},"primaryImageOfPage":{"@id":"https:\/\/jazzproarte.com\/bandes\/#primaryimage"},"image":{"@id":"https:\/\/jazzproarte.com\/bandes\/#primaryimage"},"thumbnailUrl":"https:\/\/jazzproarte.files.wordpress.com\/2022\/06\/voodooriso.petit2_.png?w=780","datePublished":"2022-06-02T08:50:26+00:00","dateModified":"2024-01-24T14:06:28+00:00","breadcrumb":{"@id":"https:\/\/jazzproarte.com\/bandes\/#breadcrumb"},"inLanguage":"es","potentialAction":[{"@type":"ReadAction","target":["https:\/\/jazzproarte.com\/bandes\/"]}]},{"@type":"ImageObject","inLanguage":"es","@id":"https:\/\/jazzproarte.com\/bandes\/#primaryimage","url":"https:\/\/jazzproarte.files.wordpress.com\/2022\/06\/voodooriso.petit2_.png?w=780","contentUrl":"https:\/\/jazzproarte.files.wordpress.com\/2022\/06\/voodooriso.petit2_.png?w=780"},{"@type":"BreadcrumbList","@id":"https:\/\/jazzproarte.com\/bandes\/#breadcrumb","itemListElement":[{"@type":"ListItem","position":1,"name":"Inici","item":"https:\/\/jazzproarte.com\/"},{"@type":"ListItem","position":2,"name":"BANDES"}]},{"@type":"WebSite","@id":"https:\/\/jazzproarte.com\/#website","url":"https:\/\/jazzproarte.com\/","name":"Jazz Pro Arte Gesti\u00f3 Cultural","description":"Grupos de Jazz en Barcelona","publisher":{"@id":"https:\/\/jazzproarte.com\/#organization"},"potentialAction":[{"@type":"SearchAction","target":{"@type":"EntryPoint","urlTemplate":"https:\/\/jazzproarte.com\/?s={search_term_string}"},"query-input":{"@type":"PropertyValueSpecification","valueRequired":true,"valueName":"search_term_string"}}],"inLanguage":"es"},{"@type":"Organization","@id":"https:\/\/jazzproarte.com\/#organization","name":"Jazz Pro Arte Gesti\u00f3 Cultural","url":"https:\/\/jazzproarte.com\/","logo":{"@type":"ImageObject","inLanguage":"es","@id":"https:\/\/jazzproarte.com\/#\/schema\/logo\/image\/","url":"https:\/\/i0.wp.com\/jazzproarte.com\/wp-content\/uploads\/2023\/05\/jazzproartelogosquare.jpg?fit=512%2C509&ssl=1","contentUrl":"https:\/\/i0.wp.com\/jazzproarte.com\/wp-content\/uploads\/2023\/05\/jazzproartelogosquare.jpg?fit=512%2C509&ssl=1","width":512,"height":509,"caption":"Jazz Pro Arte Gesti\u00f3 Cultural"},"image":{"@id":"https:\/\/jazzproarte.com\/#\/schema\/logo\/image\/"},"sameAs":["https:\/\/www.facebook.com\/jazzproarte\/"]}]}},"jetpack_sharing_enabled":true,"jetpack-related-posts":[{"id":2241,"url":"https:\/\/jazzproarte.com\/es\/la-raval-jazz-society\/","url_meta":{"origin":1552,"position":0},"title":"LA RAVAL JAZZ SOCIETY","author":"jazzproarte","date":"3 de noviembre de 2022","format":false,"excerpt":"LA RAVAL JAZZ SOCIETY La Raval Jazz Society \u00e9s un col\u00b7lectiu internacional de m\u00fasics format al Barri del Raval, Ciutat Vella de Barcelona i especialitzat en can\u00e7ons del anys 1930 i 1940. Format per instruments de cordes, vents i percussi\u00f3, presenten can\u00e7ons emblem\u00e0tiques dels estils Swing, Dixieland i Jazz Manouche.\u2026","rel":"","context":"Entrada similar","block_context":{"text":"Entrada similar","link":""},"img":{"alt_text":"la raval jazz society","src":"https:\/\/i0.wp.com\/jazzproarte.com\/wp-content\/uploads\/2023\/05\/laravalrisopetit-150x150.png?resize=350%2C200&ssl=1","width":350,"height":200,"srcset":"https:\/\/i0.wp.com\/jazzproarte.com\/wp-content\/uploads\/2023\/05\/laravalrisopetit-150x150.png?resize=350%2C200&ssl=1 1x, https:\/\/i0.wp.com\/jazzproarte.com\/wp-content\/uploads\/2023\/05\/laravalrisopetit-150x150.png?resize=525%2C300&ssl=1 1.5x"},"classes":[]},{"id":2357,"url":"https:\/\/jazzproarte.com\/es\/swing-a-la-placa\/","url_meta":{"origin":1552,"position":1},"title":"SWING EN LA PLAZA","author":"jazzproarte","date":"4 de noviembre de 2022","format":false,"excerpt":"BANDES JAZZPROARTE LA RAVAL JAZZ SOCIETY LA VOODOO JAZZ BAND BarcelonA Marching Band DUO BossaJazz","rel":"","context":"Entrada similar","block_context":{"text":"Entrada similar","link":""},"img":{"alt_text":"","src":"https:\/\/i0.wp.com\/jazzproarte.com\/wp-content\/uploads\/2023\/05\/laravalrisopetit-1.png?resize=350%2C200&ssl=1","width":350,"height":200,"srcset":"https:\/\/i0.wp.com\/jazzproarte.com\/wp-content\/uploads\/2023\/05\/laravalrisopetit-1.png?resize=350%2C200&ssl=1 1x, https:\/\/i0.wp.com\/jazzproarte.com\/wp-content\/uploads\/2023\/05\/laravalrisopetit-1.png?resize=525%2C300&ssl=1 1.5x"},"classes":[]},{"id":831,"url":"https:\/\/jazzproarte.com\/es\/artistes\/","url_meta":{"origin":1552,"position":2},"title":"ARTISTAS","author":"jazzproarte","date":"13 de abril de 2022","format":false,"excerpt":"La Raval Jazz Society LA VOODOO JAZZ BAND BarcelonAMarching Band SWING A LA PLA\u00c7A SARAU LISPECTOR Associaci\u00f3 Brasil Au\u00ea d'artistes brasilers a Barcelona","rel":"","context":"Entrada similar","block_context":{"text":"Entrada similar","link":""},"img":{"alt_text":"la raval jazz society","src":"https:\/\/i0.wp.com\/jazzproarte.com\/wp-content\/uploads\/2023\/05\/laravalrisopetit.png?resize=350%2C200&ssl=1","width":350,"height":200,"srcset":"https:\/\/i0.wp.com\/jazzproarte.com\/wp-content\/uploads\/2023\/05\/laravalrisopetit.png?resize=350%2C200&ssl=1 1x, https:\/\/i0.wp.com\/jazzproarte.com\/wp-content\/uploads\/2023\/05\/laravalrisopetit.png?resize=525%2C300&ssl=1 1.5x"},"classes":[]},{"id":600,"url":"https:\/\/jazzproarte.com\/es\/contacte\/","url_meta":{"origin":1552,"position":3},"title":"Contacte","author":"jazzproarte","date":"24 de marzo de 2022","format":false,"excerpt":"CONTACTE Com podem ajudar-te? Henrique Mendon\u00e7aEmail: jazzproarte@gmail.comTel\u00e8fon: +34 65763 05 02Barcelona Fes un xat per WhatsApp Michael P. Smith. The Historic New Orleans Collection BANDES JAZZPROARTE LA RAVAL JAZZ SOCIETY LA VOODOO JAZZ BAND BarcelonA Marching Band DUO BossaJazz","rel":"","context":"Entrada similar","block_context":{"text":"Entrada similar","link":""},"img":{"alt_text":"paper","src":"https:\/\/i0.wp.com\/jazzproarte.com\/wp-content\/uploads\/2023\/05\/papervermellllarg-min-min-e1736420840817.jpg?resize=350%2C200&ssl=1","width":350,"height":200,"srcset":"https:\/\/i0.wp.com\/jazzproarte.com\/wp-content\/uploads\/2023\/05\/papervermellllarg-min-min-e1736420840817.jpg?resize=350%2C200&ssl=1 1x, https:\/\/i0.wp.com\/jazzproarte.com\/wp-content\/uploads\/2023\/05\/papervermellllarg-min-min-e1736420840817.jpg?resize=525%2C300&ssl=1 1.5x, https:\/\/i0.wp.com\/jazzproarte.com\/wp-content\/uploads\/2023\/05\/papervermellllarg-min-min-e1736420840817.jpg?resize=700%2C400&ssl=1 2x"},"classes":[]},{"id":4882,"url":"https:\/\/jazzproarte.com\/es\/duo-bossajazz\/","url_meta":{"origin":1552,"position":4},"title":"DUO BOSSAJAZZ","author":"jazzproarte","date":"19 de enero de 2024","format":false,"excerpt":"Duo BossaJazz\u00b7Evasaxof\u00f3n , Henrique Mendon\u00e7a Evelyn Saxof\u00f3n (Saxo Sopr\u00e0 i Veu, Xile) i Henrique Mendon\u00e7a (Guitarra i Veu, Brasil) presenten un concert especial demonstrant influ\u00e8ncies de la m\u00fasica del M\u00f3n, on es barrejen les fronteres entre el Swing, el Samba-Jazz i Bolero en un viatge sonor a les Am\u00e8riques.\u00a0 \u00a0\u00a0\u2026","rel":"","context":"Entrada similar","block_context":{"text":"Entrada similar","link":""},"img":{"alt_text":"","src":"https:\/\/i0.wp.com\/jazzproarte.com\/wp-content\/uploads\/2024\/01\/DuoBossaJazzRisopetit5-150x150.png?resize=350%2C200&ssl=1","width":350,"height":200},"classes":[]},{"id":2645,"url":"https:\/\/jazzproarte.com\/es\/barcelona-marching-band\/","url_meta":{"origin":1552,"position":5},"title":"BARCELONA MARCHING BAND","author":"jazzproarte","date":"8 de noviembre de 2022","format":false,"excerpt":"BARCELONA MARCHING BAND La Barcelona\u00a0Marching\u00a0Band \u00e9s una fanf\u00e0rria comunit\u00e0ria inspirada per les\u00a0Marching\u00a0Bands de Nova Orleans.\u00a0 El seu cercavila porta la participaci\u00f3 de tot el barri, \u00e9s un espectacle ple de colors i plena de vida els espais on passa. La BMB tamb\u00e9 \u00e9s un projecte educatiu, on artistes professionals i\u2026","rel":"","context":"Entrada similar","block_context":{"text":"Entrada similar","link":""},"img":{"alt_text":"barcelona marching band gr\u00e0cia","src":"https:\/\/i0.wp.com\/jazzproarte.com\/wp-content\/uploads\/2023\/05\/291648423_614752959735773_7219567395613218073_n.jpg?resize=350%2C200&ssl=1","width":350,"height":200,"srcset":"https:\/\/i0.wp.com\/jazzproarte.com\/wp-content\/uploads\/2023\/05\/291648423_614752959735773_7219567395613218073_n.jpg?resize=350%2C200&ssl=1 1x, https:\/\/i0.wp.com\/jazzproarte.com\/wp-content\/uploads\/2023\/05\/291648423_614752959735773_7219567395613218073_n.jpg?resize=525%2C300&ssl=1 1.5x, https:\/\/i0.wp.com\/jazzproarte.com\/wp-content\/uploads\/2023\/05\/291648423_614752959735773_7219567395613218073_n.jpg?resize=700%2C400&ssl=1 2x, https:\/\/i0.wp.com\/jazzproarte.com\/wp-content\/uploads\/2023\/05\/291648423_614752959735773_7219567395613218073_n.jpg?resize=1050%2C600&ssl=1 3x"},"classes":[]}],"_links":{"self":[{"href":"https:\/\/jazzproarte.com\/es\/wp-json\/wp\/v2\/pages\/1552","targetHints":{"allow":["GET"]}}],"collection":[{"href":"https:\/\/jazzproarte.com\/es\/wp-json\/wp\/v2\/pages"}],"about":[{"href":"https:\/\/jazzproarte.com\/es\/wp-json\/wp\/v2\/types\/page"}],"author":[{"embeddable":true,"href":"https:\/\/jazzproarte.com\/es\/wp-json\/wp\/v2\/users\/1"}],"replies":[{"embeddable":true,"href":"https:\/\/jazzproarte.com\/es\/wp-json\/wp\/v2\/comments?post=1552"}],"version-history":[{"count":3,"href":"https:\/\/jazzproarte.com\/es\/wp-json\/wp\/v2\/pages\/1552\/revisions"}],"predecessor-version":[{"id":4922,"href":"https:\/\/jazzproarte.com\/es\/wp-json\/wp\/v2\/pages\/1552\/revisions\/4922"}],"wp:attachment":[{"href":"https:\/\/jazzproarte.com\/es\/wp-json\/wp\/v2\/media?parent=1552"}],"curies":[{"name":"wp","href":"https:\/\/api.w.org\/{rel}","templated":true}]}}