{"id":3883,"date":"2023-05-10T21:10:47","date_gmt":"2023-05-10T19:10:47","guid":{"rendered":"https:\/\/jazzproarte.com\/portugues\/"},"modified":"2023-05-10T21:10:47","modified_gmt":"2023-05-10T19:10:47","slug":"portugues","status":"publish","type":"page","link":"https:\/\/jazzproarte.com\/es\/portugues\/","title":{"rendered":"\u200e &#8211; Portugu\u00eas"},"content":{"rendered":"","protected":false},"excerpt":{"rendered":"","protected":false},"author":1,"featured_media":0,"parent":0,"menu_order":0,"comment_status":"closed","ping_status":"closed","template":"","meta":{"_gspb_post_css":"","_mbp_gutenberg_autopost":false,"footnotes":""},"class_list":["post-3883","page","type-page","status-publish","hentry"],"yoast_head":"<!-- This site is optimized with the Yoast SEO plugin v27.4 - https:\/\/yoast.com\/product\/yoast-seo-wordpress\/ -->\n<title>\u200e - Portugu\u00eas &#183; Jazz Pro Arte<\/title>\n<meta name=\"robots\" content=\"index, follow, max-snippet:-1, max-image-preview:large, max-video-preview:-1\" \/>\n<link rel=\"canonical\" href=\"https:\/\/jazzproarte.com\/es\/portugues\/\" \/>\n<meta property=\"og:locale\" content=\"es_ES\" \/>\n<meta property=\"og:type\" content=\"article\" \/>\n<meta property=\"og:title\" content=\"\u200e - Portugu\u00eas &#183; Jazz Pro Arte\" \/>\n<meta property=\"og:url\" content=\"https:\/\/jazzproarte.com\/es\/portugues\/\" \/>\n<meta property=\"og:site_name\" content=\"Jazz Pro Arte\" \/>\n<meta property=\"article:publisher\" content=\"https:\/\/www.facebook.com\/jazzproarte\/\" \/>\n<meta property=\"og:image\" content=\"https:\/\/jazzproarte.com\/wp-content\/uploads\/2023\/05\/jazzproartelogored.jpg\" \/>\n\t<meta property=\"og:image:width\" content=\"1037\" \/>\n\t<meta property=\"og:image:height\" content=\"600\" \/>\n\t<meta property=\"og:image:type\" content=\"image\/jpeg\" \/>\n<meta name=\"twitter:card\" content=\"summary_large_image\" \/>\n<!-- \/ Yoast SEO plugin. -->","yoast_head_json":{"title":"\u200e - Portugu\u00eas &#183; Jazz Pro Arte","robots":{"index":"index","follow":"follow","max-snippet":"max-snippet:-1","max-image-preview":"max-image-preview:large","max-video-preview":"max-video-preview:-1"},"canonical":"https:\/\/jazzproarte.com\/es\/portugues\/","og_locale":"es_ES","og_type":"article","og_title":"\u200e - Portugu\u00eas &#183; Jazz Pro Arte","og_url":"https:\/\/jazzproarte.com\/es\/portugues\/","og_site_name":"Jazz Pro Arte","article_publisher":"https:\/\/www.facebook.com\/jazzproarte\/","og_image":[{"width":1037,"height":600,"url":"https:\/\/jazzproarte.com\/wp-content\/uploads\/2023\/05\/jazzproartelogored.jpg","type":"image\/jpeg"}],"twitter_card":"summary_large_image","schema":{"@context":"https:\/\/schema.org","@graph":[{"@type":"WebPage","@id":"https:\/\/jazzproarte.com\/portugues\/","url":"https:\/\/jazzproarte.com\/portugues\/","name":"\u200e - Portugu\u00eas &#183; Jazz Pro Arte","isPartOf":{"@id":"https:\/\/jazzproarte.com\/#website"},"datePublished":"2023-05-10T19:10:47+00:00","breadcrumb":{"@id":"https:\/\/jazzproarte.com\/portugues\/#breadcrumb"},"inLanguage":"es","potentialAction":[{"@type":"ReadAction","target":["https:\/\/jazzproarte.com\/portugues\/"]}]},{"@type":"BreadcrumbList","@id":"https:\/\/jazzproarte.com\/portugues\/#breadcrumb","itemListElement":[{"@type":"ListItem","position":1,"name":"Inici","item":"https:\/\/jazzproarte.com\/"},{"@type":"ListItem","position":2,"name":"\u200e &#8211; Portugu\u00eas"}]},{"@type":"WebSite","@id":"https:\/\/jazzproarte.com\/#website","url":"https:\/\/jazzproarte.com\/","name":"Jazz Pro Arte Gesti\u00f3 Cultural","description":"Grupos de Jazz en Barcelona","publisher":{"@id":"https:\/\/jazzproarte.com\/#organization"},"potentialAction":[{"@type":"SearchAction","target":{"@type":"EntryPoint","urlTemplate":"https:\/\/jazzproarte.com\/?s={search_term_string}"},"query-input":{"@type":"PropertyValueSpecification","valueRequired":true,"valueName":"search_term_string"}}],"inLanguage":"es"},{"@type":"Organization","@id":"https:\/\/jazzproarte.com\/#organization","name":"Jazz Pro Arte Gesti\u00f3 Cultural","url":"https:\/\/jazzproarte.com\/","logo":{"@type":"ImageObject","inLanguage":"es","@id":"https:\/\/jazzproarte.com\/#\/schema\/logo\/image\/","url":"https:\/\/i0.wp.com\/jazzproarte.com\/wp-content\/uploads\/2023\/05\/jazzproartelogosquare.jpg?fit=512%2C509&ssl=1","contentUrl":"https:\/\/i0.wp.com\/jazzproarte.com\/wp-content\/uploads\/2023\/05\/jazzproartelogosquare.jpg?fit=512%2C509&ssl=1","width":512,"height":509,"caption":"Jazz Pro Arte Gesti\u00f3 Cultural"},"image":{"@id":"https:\/\/jazzproarte.com\/#\/schema\/logo\/image\/"},"sameAs":["https:\/\/www.facebook.com\/jazzproarte\/"]}]}},"jetpack_sharing_enabled":true,"jetpack-related-posts":[{"id":5508,"url":"https:\/\/jazzproarte.com\/es\/el-jardi-dozom\/","url_meta":{"origin":3883,"position":0},"title":"El Jard\u00ed d&#8217;Ozom","author":"jazzproarte","date":"3 de junio de 2025","format":false,"excerpt":"El jard\u00ed d'Ozom El Jard\u00ed d\u2019Ozom\u00a0\u00e9s una obra de teatre musical en catal\u00e0 dirigida al p\u00fablic infantil i familiar que narra de manera po\u00e8tica la hist\u00f2ria d'una nena que, al ser plantada en un jard\u00ed, es transforma en un arbre. Inspirada per la filosofia ind\u00edgena brasilera, abordatemes urgents com la\u2026","rel":"","context":"Entrada similar","block_context":{"text":"Entrada similar","link":""},"img":{"alt_text":"","src":"https:\/\/i0.wp.com\/jazzproarte.com\/wp-content\/uploads\/2025\/06\/1jardin_ozon_fotosdeanike-0043.pet_-150x150.jpg?resize=350%2C200&ssl=1","width":350,"height":200,"srcset":"https:\/\/i0.wp.com\/jazzproarte.com\/wp-content\/uploads\/2025\/06\/1jardin_ozon_fotosdeanike-0043.pet_-150x150.jpg?resize=350%2C200&ssl=1 1x, https:\/\/i0.wp.com\/jazzproarte.com\/wp-content\/uploads\/2025\/06\/1jardin_ozon_fotosdeanike-0043.pet_-150x150.jpg?resize=525%2C300&ssl=1 1.5x, https:\/\/i0.wp.com\/jazzproarte.com\/wp-content\/uploads\/2025\/06\/1jardin_ozon_fotosdeanike-0043.pet_-150x150.jpg?resize=700%2C400&ssl=1 2x, https:\/\/i0.wp.com\/jazzproarte.com\/wp-content\/uploads\/2025\/06\/1jardin_ozon_fotosdeanike-0043.pet_-150x150.jpg?resize=1050%2C600&ssl=1 3x"},"classes":[]},{"id":623,"url":"https:\/\/jazzproarte.com\/es\/bio\/","url_meta":{"origin":3883,"position":1},"title":"SOBRE","author":"jazzproarte","date":"6 de abril de 2022","format":false,"excerpt":"QUANT A Henrique Mendon\u00e7a Foto: Louise Chin\/Ignacio AronovichLost Art - Exposici\u00f3 \"Bailes do Brasil\" M\u00fasic, Gestor Cultural, Historiador jazzproarte@gmail.com +34 65763 05 02 Va n\u00e9ixer a S\u00e3o Paulo l\u2019any 1987 i es va iniciar en la m\u00fasica durant la seva infantesa. Historiador graduat per la Universitat de S\u00e3o Paulo (USP),\u2026","rel":"","context":"Entrada similar","block_context":{"text":"Entrada similar","link":""},"img":{"alt_text":"","src":"https:\/\/i0.wp.com\/jazzproarte.com\/wp-content\/uploads\/2023\/05\/laravalrisopetit-1.png?resize=350%2C200&ssl=1","width":350,"height":200,"srcset":"https:\/\/i0.wp.com\/jazzproarte.com\/wp-content\/uploads\/2023\/05\/laravalrisopetit-1.png?resize=350%2C200&ssl=1 1x, https:\/\/i0.wp.com\/jazzproarte.com\/wp-content\/uploads\/2023\/05\/laravalrisopetit-1.png?resize=525%2C300&ssl=1 1.5x"},"classes":[]},{"id":671,"url":"https:\/\/jazzproarte.com\/es\/english\/","url_meta":{"origin":3883,"position":2},"title":"ENGLISH","author":"jazzproarte","date":"11 de abril de 2022","format":false,"excerpt":"ENGLISH Jazz Pro Arte is a company dedicated to music, street arts and circus, created by artist and producer Henrique Mendon\u00e7a. Founded in 2014 in S\u00e3o Paulo, Brazil, the company\u2019s main goal is to bring entertainment and reflection through art to different places and audiences.The company works with young and\u2026","rel":"","context":"Entrada similar","block_context":{"text":"Entrada similar","link":""},"img":{"alt_text":"black papa","src":"https:\/\/i0.wp.com\/jazzproarte.com\/wp-content\/uploads\/2023\/05\/black-papa-foto-mirassol.jpg?resize=350%2C200&ssl=1","width":350,"height":200,"srcset":"https:\/\/i0.wp.com\/jazzproarte.com\/wp-content\/uploads\/2023\/05\/black-papa-foto-mirassol.jpg?resize=350%2C200&ssl=1 1x, https:\/\/i0.wp.com\/jazzproarte.com\/wp-content\/uploads\/2023\/05\/black-papa-foto-mirassol.jpg?resize=525%2C300&ssl=1 1.5x, https:\/\/i0.wp.com\/jazzproarte.com\/wp-content\/uploads\/2023\/05\/black-papa-foto-mirassol.jpg?resize=700%2C400&ssl=1 2x"},"classes":[]}],"_links":{"self":[{"href":"https:\/\/jazzproarte.com\/es\/wp-json\/wp\/v2\/pages\/3883","targetHints":{"allow":["GET"]}}],"collection":[{"href":"https:\/\/jazzproarte.com\/es\/wp-json\/wp\/v2\/pages"}],"about":[{"href":"https:\/\/jazzproarte.com\/es\/wp-json\/wp\/v2\/types\/page"}],"author":[{"embeddable":true,"href":"https:\/\/jazzproarte.com\/es\/wp-json\/wp\/v2\/users\/1"}],"replies":[{"embeddable":true,"href":"https:\/\/jazzproarte.com\/es\/wp-json\/wp\/v2\/comments?post=3883"}],"version-history":[{"count":0,"href":"https:\/\/jazzproarte.com\/es\/wp-json\/wp\/v2\/pages\/3883\/revisions"}],"wp:attachment":[{"href":"https:\/\/jazzproarte.com\/es\/wp-json\/wp\/v2\/media?parent=3883"}],"curies":[{"name":"wp","href":"https:\/\/api.w.org\/{rel}","templated":true}]}}