{"id":831,"date":"2022-04-13T18:21:23","date_gmt":"2022-04-13T18:21:23","guid":{"rendered":"https:\/\/jazzproarte.wordpress.com\/?page_id=831"},"modified":"2024-01-24T16:05:25","modified_gmt":"2024-01-24T14:05:25","slug":"artistes","status":"publish","type":"page","link":"https:\/\/jazzproarte.com\/es\/artistes\/","title":{"rendered":"ARTISTAS"},"content":{"rendered":"<p><\/p><figure class=\"wp-block-image aligncenter size-full is-resized\"><img decoding=\"async\" src=\"https:\/\/jazzproarte.files.wordpress.com\/2022\/11\/banjoilustra.png\" alt=\"\" class=\"wp-image-2607\" style=\"width:191px;height:69px\"\/><\/figure><div style=\"height:76px\" aria-hidden=\"true\" class=\"wp-block-spacer\"><\/div><figure class=\"wp-block-image alignwide size-large\"><img loading=\"lazy\" decoding=\"async\" width=\"1024\" height=\"100\" src=\"http:\/\/jazzproarte.com\/wp-content\/uploads\/2023\/05\/bandes.nou2-min-1024x100.png\" alt=\"\" class=\"wp-image-3344\" srcset=\"https:\/\/jazzproarte.com\/wp-content\/uploads\/2023\/05\/bandes.nou2-min-1024x100.png 1024w, https:\/\/jazzproarte.com\/wp-content\/uploads\/2023\/05\/bandes.nou2-min-300x29.png 300w, https:\/\/jazzproarte.com\/wp-content\/uploads\/2023\/05\/bandes.nou2-min-768x75.png 768w, https:\/\/jazzproarte.com\/wp-content\/uploads\/2023\/05\/bandes.nou2-min.png 1140w\" sizes=\"auto, (max-width: 1024px) 100vw, 1024px\" \/><\/figure><div style=\"height:56px\" aria-hidden=\"true\" class=\"wp-block-spacer\"><\/div><hr class=\"wp-block-separator alignfull has-alpha-channel-opacity is-style-wide\"\/><div class=\"wp-block-media-text alignfull has-media-on-the-right is-stacked-on-mobile margin-top- margin-bottom- js-scroll slide-right has-text-color has-background has-link-color wp-elements-950b29626c5bb2fd7ed24bba9b3d2907\" style=\"color:#222222;background-color:#ede1e100;margin-top:var(--wp--preset--spacing--x-small);margin-right:var(--wp--preset--spacing--x-small);margin-bottom:var(--wp--preset--spacing--x-small);margin-left:var(--wp--preset--spacing--x-small);grid-template-columns:auto 44%\"><div class=\"wp-block-media-text__content\"><div class=\"wp-block-group is-layout-flow wp-block-group-is-layout-flow\" style=\"padding-top:9.5%;padding-bottom:9.5%\"><h2 class=\"wp-block-heading has-text-align-center\" id=\"la-raval-jazz-society\" style=\"font-size:clamp(26.944px, 1.684rem + ((1vw - 3.2px) * 1.191), 46px);font-style:normal;font-weight:700;line-height:1.2\"><a href=\"https:\/\/jazzproarte.com\/es\/la-raval-jazz-society\/\">La Raval Jazz <\/a><br><a href=\"https:\/\/jazzproarte.com\/es\/la-raval-jazz-society\/\">Society<\/a><\/h2><\/div><\/div><figure class=\"wp-block-media-text__media\"><a href=\"https:\/\/jazzproarte.wordpress.com\/los-boozan-dukes\/\"><img loading=\"lazy\" decoding=\"async\" width=\"694\" height=\"479\" src=\"http:\/\/jazzproarte.com\/wp-content\/uploads\/2023\/05\/laravalrisopetit.png\" alt=\"\" class=\"wp-image-3615 size-full\" srcset=\"https:\/\/jazzproarte.com\/wp-content\/uploads\/2023\/05\/laravalrisopetit.png 694w, https:\/\/jazzproarte.com\/wp-content\/uploads\/2023\/05\/laravalrisopetit-300x207.png 300w\" sizes=\"auto, (max-width: 694px) 100vw, 694px\" \/><\/a><\/figure><\/div><hr class=\"wp-block-separator alignfull has-alpha-channel-opacity is-style-wide\"\/><div class=\"wp-block-media-text alignfull is-stacked-on-mobile margin-top-none margin-bottom-none has-text-color has-background has-link-color wp-elements-4f7937af2ac6f3d6327184213d264b43\" style=\"color:#222222;background-color:#ffffff00;grid-template-columns:53% auto\"><figure class=\"wp-block-media-text__media\"><a href=\"https:\/\/jazzproarte.comla-voodoo-jazz-band\/\"><img decoding=\"async\" src=\"https:\/\/jazzproarte.files.wordpress.com\/2022\/06\/voodooriso.petit2_.png?w=748\" alt=\"\" class=\"wp-image-1598 size-full\"\/><\/a><\/figure><div class=\"wp-block-media-text__content\"><h2 class=\"wp-block-heading\" id=\"la-voodoo-jazz-band\" style=\"font-size:clamp(26.944px, 1.684rem + ((1vw - 3.2px) * 1.191), 46px);font-style:normal;font-weight:700;line-height:1.2\"><a href=\"https:\/\/jazzproarte.comla-voodoo-jazz-band\/\">LA VOODOO JAZZ BAND<\/a><\/h2><\/div><\/div><hr class=\"wp-block-separator alignfull has-alpha-channel-opacity is-style-wide\"\/><div style=\"height:33px\" aria-hidden=\"true\" class=\"wp-block-spacer\"><\/div><div class=\"wp-block-media-text alignfull has-media-on-the-right is-stacked-on-mobile margin-top-none margin-bottom-none has-text-color has-background has-link-color wp-elements-19bc4cd8cdccf5ba76e24c51d4b67274\" style=\"color:#222222;background-color:#ffffff00;margin-top:var(--wp--preset--spacing--x-small);margin-right:var(--wp--preset--spacing--x-small);margin-bottom:var(--wp--preset--spacing--x-small);margin-left:var(--wp--preset--spacing--x-small);grid-template-columns:auto 43%\"><div class=\"wp-block-media-text__content\"><h2 class=\"wp-block-heading has-text-align-center\" id=\"barcelonamarching-band\" style=\"font-size:clamp(26.944px, 1.684rem + ((1vw - 3.2px) * 1.191), 46px);font-style:normal;font-weight:700;line-height:1.2\"><a href=\"https:\/\/jazzproarte.com\/es\/barcelona-marching-band\/\">BarcelonA<br>Marching Band<\/a><\/h2><\/div><figure class=\"wp-block-media-text__media\"><a href=\"https:\/\/jazzproarte.wordpress.com\/la-voodoo-jazz-band\/\"><img loading=\"lazy\" decoding=\"async\" width=\"700\" height=\"449\" src=\"http:\/\/jazzproarte.com\/wp-content\/uploads\/2023\/05\/bmbrisomicro.png\" alt=\"\" class=\"wp-image-3671 size-full\" srcset=\"https:\/\/jazzproarte.com\/wp-content\/uploads\/2023\/05\/bmbrisomicro.png 700w, https:\/\/jazzproarte.com\/wp-content\/uploads\/2023\/05\/bmbrisomicro-300x192.png 300w\" sizes=\"auto, (max-width: 700px) 100vw, 700px\" \/><\/a><\/figure><\/div><hr class=\"wp-block-separator alignfull has-alpha-channel-opacity is-style-wide\"\/><div style=\"height:32px\" aria-hidden=\"true\" class=\"wp-block-spacer\"><\/div><p class=\"has-text-align-center has-background\" style=\"background-color:#e9dcc6;font-size:clamp(14.642px, 0.915rem + ((1vw - 3.2px) * 0.46), 22px);\"><strong><a href=\"https:\/\/jazzproarte.comswing-a-la-placa\/\">SWING EN LA PLAZA<\/a><\/strong><\/p><div style=\"height:44px\" aria-hidden=\"true\" class=\"wp-block-spacer\"><\/div><div class=\"wp-block-jetpack-slideshow aligncenter\" data-effect=\"slide\"><div class=\"wp-block-jetpack-slideshow_container swiper-container\"><ul class=\"wp-block-jetpack-slideshow_swiper-wrapper swiper-wrapper\"><li class=\"wp-block-jetpack-slideshow_slide swiper-slide\"><figure><img decoding=\"async\" alt=\"\" class=\"wp-block-jetpack-slideshow_image wp-image-571\" data-id=\"571\" src=\"https:\/\/jazzproarte.files.wordpress.com\/2022\/03\/dossier_swing_a_la_placa_petit_pages-to-jpg-0001.jpg\"\/><\/figure><\/li><li class=\"wp-block-jetpack-slideshow_slide swiper-slide\"><figure><img decoding=\"async\" alt=\"\" class=\"wp-block-jetpack-slideshow_image wp-image-572\" data-id=\"572\" src=\"https:\/\/jazzproarte.files.wordpress.com\/2022\/03\/dossier_swing_a_la_placa_petit_pages-to-jpg-0002.jpg\"\/><\/figure><\/li><li class=\"wp-block-jetpack-slideshow_slide swiper-slide\"><figure><img decoding=\"async\" alt=\"\" class=\"wp-block-jetpack-slideshow_image wp-image-573\" data-id=\"573\" src=\"https:\/\/jazzproarte.files.wordpress.com\/2022\/03\/dossier_swing_a_la_placa_petit_pages-to-jpg-0003.jpg\"\/><\/figure><\/li><li class=\"wp-block-jetpack-slideshow_slide swiper-slide\"><figure><img decoding=\"async\" alt=\"\" class=\"wp-block-jetpack-slideshow_image wp-image-574\" data-id=\"574\" src=\"https:\/\/jazzproarte.files.wordpress.com\/2022\/03\/dossier_swing_a_la_placa_petit_pages-to-jpg-0004.jpg\"\/><\/figure><\/li><li class=\"wp-block-jetpack-slideshow_slide swiper-slide\"><figure><img decoding=\"async\" alt=\"\" class=\"wp-block-jetpack-slideshow_image wp-image-575\" data-id=\"575\" src=\"https:\/\/jazzproarte.files.wordpress.com\/2022\/03\/dossier_swing_a_la_placa_petit_pages-to-jpg-0005.jpg\"\/><\/figure><\/li><li class=\"wp-block-jetpack-slideshow_slide swiper-slide\"><figure><img decoding=\"async\" alt=\"\" class=\"wp-block-jetpack-slideshow_image wp-image-617\" data-id=\"617\" src=\"https:\/\/jazzproarte.files.wordpress.com\/2022\/03\/dossier_swing_a_la_placa.petit_pagina_06.jpg\"\/><\/figure><\/li><li class=\"wp-block-jetpack-slideshow_slide swiper-slide\"><figure><img decoding=\"async\" alt=\"\" class=\"wp-block-jetpack-slideshow_image wp-image-577\" data-id=\"577\" src=\"https:\/\/jazzproarte.files.wordpress.com\/2022\/03\/dossier_swing_a_la_placa_petit_pages-to-jpg-0007.jpg\"\/><\/figure><\/li><li class=\"wp-block-jetpack-slideshow_slide swiper-slide\"><figure><img decoding=\"async\" alt=\"\" class=\"wp-block-jetpack-slideshow_image wp-image-592\" data-id=\"592\" src=\"https:\/\/jazzproarte.files.wordpress.com\/2022\/03\/dossier_swing_a_la_placa.petit_page-0008.jpg\"\/><\/figure><\/li><li class=\"wp-block-jetpack-slideshow_slide swiper-slide\"><figure><img decoding=\"async\" alt=\"\" class=\"wp-block-jetpack-slideshow_image wp-image-579\" data-id=\"579\" src=\"https:\/\/jazzproarte.files.wordpress.com\/2022\/03\/dossier_swing_a_la_placa_petit_pages-to-jpg-0009.jpg\"\/><\/figure><\/li><li class=\"wp-block-jetpack-slideshow_slide swiper-slide\"><figure><img decoding=\"async\" alt=\"\" class=\"wp-block-jetpack-slideshow_image wp-image-580\" data-id=\"580\" src=\"https:\/\/jazzproarte.files.wordpress.com\/2022\/03\/dossier_swing_a_la_placa_petit_pages-to-jpg-0010.jpg\"\/><\/figure><\/li><li class=\"wp-block-jetpack-slideshow_slide swiper-slide\"><figure><img decoding=\"async\" alt=\"\" class=\"wp-block-jetpack-slideshow_image wp-image-581\" data-id=\"581\" src=\"https:\/\/jazzproarte.files.wordpress.com\/2022\/03\/dossier_swing_a_la_placa_petit_pages-to-jpg-0011.jpg\"\/><\/figure><\/li><\/ul><a class=\"wp-block-jetpack-slideshow_button-prev swiper-button-prev swiper-button-white\" role=\"button\"><\/a><a class=\"wp-block-jetpack-slideshow_button-next swiper-button-next swiper-button-white\" role=\"button\"><\/a><a aria-label=\"Pause Slideshow\" class=\"wp-block-jetpack-slideshow_button-pause\" role=\"button\"><\/a><div class=\"wp-block-jetpack-slideshow_pagination swiper-pagination swiper-pagination-white\"><\/div><\/div><\/div><div style=\"height:48px\" aria-hidden=\"true\" class=\"wp-block-spacer\"><\/div><p class=\"has-text-align-center has-white-color has-text-color has-background\" style=\"background-color:#e9dcc6;font-size:clamp(14.642px, 0.915rem + ((1vw - 3.2px) * 0.46), 22px);\"><strong><a href=\"https:\/\/jazzproarte.comsarau-lispector\/\"><strong>SARAU LISPECTOR <\/strong><br><strong>Asociaci\u00f3n Brasil Au\u00ea <\/strong><\/a><br><a href=\"https:\/\/jazzproarte.comsarau-lispector\/\"><strong>de artistas brasile\u00f1os en Barcelona<\/strong><\/a><\/strong><\/p><div style=\"height:50px\" aria-hidden=\"true\" class=\"wp-block-spacer\"><\/div><div class=\"wp-block-jetpack-slideshow aligncenter\" data-effect=\"slide\"><div class=\"wp-block-jetpack-slideshow_container swiper-container\"><ul class=\"wp-block-jetpack-slideshow_swiper-wrapper swiper-wrapper\"><li class=\"wp-block-jetpack-slideshow_slide swiper-slide\"><figure><img decoding=\"async\" alt=\"\" class=\"wp-block-jetpack-slideshow_image wp-image-994\" data-id=\"994\" src=\"https:\/\/jazzproarte.files.wordpress.com\/2022\/04\/clarice_pagina_1.jpg?w=724\"\/><\/figure><\/li><li class=\"wp-block-jetpack-slideshow_slide swiper-slide\"><figure><img decoding=\"async\" alt=\"\" class=\"wp-block-jetpack-slideshow_image wp-image-995\" data-id=\"995\" src=\"https:\/\/jazzproarte.files.wordpress.com\/2022\/04\/clarice_pagina_2.jpg?w=721\"\/><\/figure><\/li><li class=\"wp-block-jetpack-slideshow_slide swiper-slide\"><figure><img decoding=\"async\" alt=\"\" class=\"wp-block-jetpack-slideshow_image wp-image-996\" data-id=\"996\" src=\"https:\/\/jazzproarte.files.wordpress.com\/2022\/04\/clarice_pagina_3.jpg?w=721\"\/><\/figure><\/li><li class=\"wp-block-jetpack-slideshow_slide swiper-slide\"><figure><img decoding=\"async\" alt=\"\" class=\"wp-block-jetpack-slideshow_image wp-image-997\" data-id=\"997\" src=\"https:\/\/jazzproarte.files.wordpress.com\/2022\/04\/clarice_pagina_4.jpg?w=724\"\/><\/figure><\/li><\/ul><a class=\"wp-block-jetpack-slideshow_button-prev swiper-button-prev swiper-button-white\" role=\"button\"><\/a><a class=\"wp-block-jetpack-slideshow_button-next swiper-button-next swiper-button-white\" role=\"button\"><\/a><a aria-label=\"Pause Slideshow\" class=\"wp-block-jetpack-slideshow_button-pause\" role=\"button\"><\/a><div class=\"wp-block-jetpack-slideshow_pagination swiper-pagination swiper-pagination-white\"><\/div><\/div><\/div><div style=\"height:51px\" aria-hidden=\"true\" class=\"wp-block-spacer\"><\/div><hr class=\"wp-block-separator has-alpha-channel-opacity\"\/><figure class=\"wp-block-image aligncenter size-large is-resized\"><a href=\"https:\/\/jazzproarte.files.wordpress.com\/2022\/06\/logonougif.gif\"><img decoding=\"async\" src=\"https:\/\/jazzproarte.files.wordpress.com\/2022\/06\/logonougif.gif?w=720\" alt=\"\" class=\"wp-image-1685\" style=\"width:598px;height:346px\"\/><\/a><\/figure><div style=\"height:10px\" aria-hidden=\"true\" class=\"wp-block-spacer\"><\/div><hr class=\"wp-block-separator has-alpha-channel-opacity\"\/>","protected":false},"excerpt":{"rendered":"<p>LA VOODOO JAZZ BAND BarcelonAMarching Band SWING A LA PLA\u00c7A SARAU LISPECTOR Associaci\u00f3 Brasil Au\u00ea d&#8217;artistes brasilers a Barcelona<\/p>","protected":false},"author":1,"featured_media":0,"parent":0,"menu_order":0,"comment_status":"closed","ping_status":"closed","template":"","meta":{"_gspb_post_css":"","_mbp_gutenberg_autopost":false,"footnotes":""},"class_list":["post-831","page","type-page","status-publish","hentry"],"yoast_head":"<!-- This site is optimized with the Yoast SEO plugin v27.4 - https:\/\/yoast.com\/product\/yoast-seo-wordpress\/ -->\n<title>ARTISTES &#183; Jazz Pro Arte<\/title>\n<meta name=\"robots\" content=\"index, follow, max-snippet:-1, max-image-preview:large, max-video-preview:-1\" \/>\n<link rel=\"canonical\" href=\"https:\/\/jazzproarte.com\/es\/artistes\/\" \/>\n<meta property=\"og:locale\" content=\"es_ES\" \/>\n<meta property=\"og:type\" content=\"article\" \/>\n<meta property=\"og:title\" content=\"ARTISTES &#183; Jazz Pro Arte\" \/>\n<meta property=\"og:description\" content=\"LA VOODOO JAZZ BAND BarcelonAMarching Band SWING A LA PLA\u00c7A SARAU LISPECTOR Associaci\u00f3 Brasil Au\u00ea d&#8217;artistes brasilers a Barcelona\" \/>\n<meta property=\"og:url\" content=\"https:\/\/jazzproarte.com\/es\/artistes\/\" \/>\n<meta property=\"og:site_name\" content=\"Jazz Pro Arte\" \/>\n<meta property=\"article:publisher\" content=\"https:\/\/www.facebook.com\/jazzproarte\/\" \/>\n<meta property=\"article:modified_time\" content=\"2024-01-24T14:05:25+00:00\" \/>\n<meta property=\"og:image\" content=\"https:\/\/jazzproarte.files.wordpress.com\/2022\/11\/banjoilustra.png\" \/>\n<meta name=\"twitter:card\" content=\"summary_large_image\" \/>\n<meta name=\"twitter:label1\" content=\"Tiempo de lectura\" \/>\n\t<meta name=\"twitter:data1\" content=\"5 minutos\" \/>\n<!-- \/ Yoast SEO plugin. -->","yoast_head_json":{"title":"ARTISTES &#183; Jazz Pro Arte","robots":{"index":"index","follow":"follow","max-snippet":"max-snippet:-1","max-image-preview":"max-image-preview:large","max-video-preview":"max-video-preview:-1"},"canonical":"https:\/\/jazzproarte.com\/es\/artistes\/","og_locale":"es_ES","og_type":"article","og_title":"ARTISTES &#183; Jazz Pro Arte","og_description":"LA VOODOO JAZZ BAND BarcelonAMarching Band SWING A LA PLA\u00c7A SARAU LISPECTOR Associaci\u00f3 Brasil Au\u00ea d&#8217;artistes brasilers a Barcelona","og_url":"https:\/\/jazzproarte.com\/es\/artistes\/","og_site_name":"Jazz Pro Arte","article_publisher":"https:\/\/www.facebook.com\/jazzproarte\/","article_modified_time":"2024-01-24T14:05:25+00:00","og_image":[{"url":"https:\/\/jazzproarte.files.wordpress.com\/2022\/11\/banjoilustra.png","type":"","width":"","height":""}],"twitter_card":"summary_large_image","twitter_misc":{"Tiempo de lectura":"5 minutos"},"schema":{"@context":"https:\/\/schema.org","@graph":[{"@type":"WebPage","@id":"https:\/\/jazzproarte.com\/artistes\/","url":"https:\/\/jazzproarte.com\/artistes\/","name":"ARTISTES &#183; Jazz Pro Arte","isPartOf":{"@id":"https:\/\/jazzproarte.com\/#website"},"primaryImageOfPage":{"@id":"https:\/\/jazzproarte.com\/artistes\/#primaryimage"},"image":{"@id":"https:\/\/jazzproarte.com\/artistes\/#primaryimage"},"thumbnailUrl":"https:\/\/jazzproarte.files.wordpress.com\/2022\/11\/banjoilustra.png","datePublished":"2022-04-13T18:21:23+00:00","dateModified":"2024-01-24T14:05:25+00:00","breadcrumb":{"@id":"https:\/\/jazzproarte.com\/artistes\/#breadcrumb"},"inLanguage":"es","potentialAction":[{"@type":"ReadAction","target":["https:\/\/jazzproarte.com\/artistes\/"]}]},{"@type":"ImageObject","inLanguage":"es","@id":"https:\/\/jazzproarte.com\/artistes\/#primaryimage","url":"https:\/\/jazzproarte.files.wordpress.com\/2022\/11\/banjoilustra.png","contentUrl":"https:\/\/jazzproarte.files.wordpress.com\/2022\/11\/banjoilustra.png"},{"@type":"BreadcrumbList","@id":"https:\/\/jazzproarte.com\/artistes\/#breadcrumb","itemListElement":[{"@type":"ListItem","position":1,"name":"Inici","item":"https:\/\/jazzproarte.com\/"},{"@type":"ListItem","position":2,"name":"ARTISTES"}]},{"@type":"WebSite","@id":"https:\/\/jazzproarte.com\/#website","url":"https:\/\/jazzproarte.com\/","name":"Jazz Pro Arte Gesti\u00f3 Cultural","description":"Grupos de Jazz en Barcelona","publisher":{"@id":"https:\/\/jazzproarte.com\/#organization"},"potentialAction":[{"@type":"SearchAction","target":{"@type":"EntryPoint","urlTemplate":"https:\/\/jazzproarte.com\/?s={search_term_string}"},"query-input":{"@type":"PropertyValueSpecification","valueRequired":true,"valueName":"search_term_string"}}],"inLanguage":"es"},{"@type":"Organization","@id":"https:\/\/jazzproarte.com\/#organization","name":"Jazz Pro Arte Gesti\u00f3 Cultural","url":"https:\/\/jazzproarte.com\/","logo":{"@type":"ImageObject","inLanguage":"es","@id":"https:\/\/jazzproarte.com\/#\/schema\/logo\/image\/","url":"https:\/\/i0.wp.com\/jazzproarte.com\/wp-content\/uploads\/2023\/05\/jazzproartelogosquare.jpg?fit=512%2C509&ssl=1","contentUrl":"https:\/\/i0.wp.com\/jazzproarte.com\/wp-content\/uploads\/2023\/05\/jazzproartelogosquare.jpg?fit=512%2C509&ssl=1","width":512,"height":509,"caption":"Jazz Pro Arte Gesti\u00f3 Cultural"},"image":{"@id":"https:\/\/jazzproarte.com\/#\/schema\/logo\/image\/"},"sameAs":["https:\/\/www.facebook.com\/jazzproarte\/"]}]}},"jetpack_sharing_enabled":false,"jetpack-related-posts":[{"id":2389,"url":"https:\/\/jazzproarte.com\/es\/","url_meta":{"origin":831,"position":0},"title":"\u200eINICI","author":"jazzproarte","date":"4 de noviembre de 2022","format":false,"excerpt":"M\u00fasica , Circ i Arts de Carrer Des del 2014, organitzem esdeveniments i portemla diversitat cultural a tota mena de p\u00fablic.Coneixes les Bandes de Swing Jazz a Barcelona? Sobre Nosaltres Contacta'ns Establerta a Ciutat Vella, Barcelona, Jazz Pro Arte representa artistes joves i veterans, que actuen en contacte directe amb\u2026","rel":"","context":"Entrada similar","block_context":{"text":"Entrada similar","link":""},"img":{"alt_text":"","src":"https:\/\/i0.wp.com\/jazzproarte.com\/wp-content\/uploads\/2023\/05\/capcaquadradapet3.jpg?resize=350%2C200&ssl=1","width":350,"height":200},"classes":[]},{"id":4642,"url":"https:\/\/jazzproarte.com\/es\/test-2\/","url_meta":{"origin":831,"position":1},"title":"Test","author":"jazzproarte","date":"18 de mayo de 2023","format":false,"excerpt":"M\u00fasica , Circ I Arts de Carrer Des del 2014, organitzem esdeveniments i portem la diversitat cultural a tota mena de p\u00fablic. Coneixes les Bandes de Swing Jazz a Barcelona? Sobre Nosaltres Contacta'ns Establerta a Ciutat Vella, Barcelona, Jazz Pro Arte representa artistes joves i veterans, que actuen en contacte\u2026","rel":"","context":"Entrada similar","block_context":{"text":"Entrada similar","link":""},"img":{"alt_text":"","src":"https:\/\/i0.wp.com\/jazzproarte.com\/wp-content\/uploads\/2023\/05\/laravalrisopetit-1.png?resize=350%2C200&ssl=1","width":350,"height":200,"srcset":"https:\/\/i0.wp.com\/jazzproarte.com\/wp-content\/uploads\/2023\/05\/laravalrisopetit-1.png?resize=350%2C200&ssl=1 1x, https:\/\/i0.wp.com\/jazzproarte.com\/wp-content\/uploads\/2023\/05\/laravalrisopetit-1.png?resize=525%2C300&ssl=1 1.5x"},"classes":[]},{"id":931,"url":"https:\/\/jazzproarte.com\/es\/historia\/","url_meta":{"origin":831,"position":2},"title":"HISTORIA","author":"jazzproarte","date":"20 de abril de 2022","format":false,"excerpt":"HIST\u00d2RIA LA NOSTRA TRAJECT\u00d2RIA Creada a S\u00e3o Paulo, Brasil, tenim experi\u00e8ncia en l'organitzaci\u00f3 d'esdeveniments art\u00edstics. En un primer moment les nostres arrels estaven relacionades amb la cultura del Carnaval, del Jazz de carrer i les arts perform\u00e0tiques, donant veu a grups de l'escena underground i de la cultura alternativa. Jazz\u2026","rel":"","context":"Entrada similar","block_context":{"text":"Entrada similar","link":""},"img":{"alt_text":"unidos do swing escadaria bixiga","src":"https:\/\/i0.wp.com\/jazzproarte.com\/wp-content\/uploads\/2023\/05\/Unidos-do-Swing-Escadaria-do-Bixiga-Foto-Priscila-Requena-2.jpg?resize=350%2C200&ssl=1","width":350,"height":200,"srcset":"https:\/\/i0.wp.com\/jazzproarte.com\/wp-content\/uploads\/2023\/05\/Unidos-do-Swing-Escadaria-do-Bixiga-Foto-Priscila-Requena-2.jpg?resize=350%2C200&ssl=1 1x, https:\/\/i0.wp.com\/jazzproarte.com\/wp-content\/uploads\/2023\/05\/Unidos-do-Swing-Escadaria-do-Bixiga-Foto-Priscila-Requena-2.jpg?resize=525%2C300&ssl=1 1.5x, https:\/\/i0.wp.com\/jazzproarte.com\/wp-content\/uploads\/2023\/05\/Unidos-do-Swing-Escadaria-do-Bixiga-Foto-Priscila-Requena-2.jpg?resize=700%2C400&ssl=1 2x"},"classes":[]},{"id":623,"url":"https:\/\/jazzproarte.com\/es\/bio\/","url_meta":{"origin":831,"position":3},"title":"SOBRE","author":"jazzproarte","date":"6 de abril de 2022","format":false,"excerpt":"QUANT A Henrique Mendon\u00e7a Foto: Louise Chin\/Ignacio AronovichLost Art - Exposici\u00f3 \"Bailes do Brasil\" M\u00fasic, Gestor Cultural, Historiador jazzproarte@gmail.com +34 65763 05 02 Va n\u00e9ixer a S\u00e3o Paulo l\u2019any 1987 i es va iniciar en la m\u00fasica durant la seva infantesa. Historiador graduat per la Universitat de S\u00e3o Paulo (USP),\u2026","rel":"","context":"Entrada similar","block_context":{"text":"Entrada similar","link":""},"img":{"alt_text":"","src":"https:\/\/i0.wp.com\/jazzproarte.com\/wp-content\/uploads\/2023\/05\/laravalrisopetit-1.png?resize=350%2C200&ssl=1","width":350,"height":200,"srcset":"https:\/\/i0.wp.com\/jazzproarte.com\/wp-content\/uploads\/2023\/05\/laravalrisopetit-1.png?resize=350%2C200&ssl=1 1x, https:\/\/i0.wp.com\/jazzproarte.com\/wp-content\/uploads\/2023\/05\/laravalrisopetit-1.png?resize=525%2C300&ssl=1 1.5x"},"classes":[]},{"id":671,"url":"https:\/\/jazzproarte.com\/es\/english\/","url_meta":{"origin":831,"position":4},"title":"ENGLISH","author":"jazzproarte","date":"11 de abril de 2022","format":false,"excerpt":"ENGLISH Jazz Pro Arte is a company dedicated to music, street arts and circus, created by artist and producer Henrique Mendon\u00e7a. Founded in 2014 in S\u00e3o Paulo, Brazil, the company\u2019s main goal is to bring entertainment and reflection through art to different places and audiences.The company works with young and\u2026","rel":"","context":"Entrada similar","block_context":{"text":"Entrada similar","link":""},"img":{"alt_text":"black papa","src":"https:\/\/i0.wp.com\/jazzproarte.com\/wp-content\/uploads\/2023\/05\/black-papa-foto-mirassol.jpg?resize=350%2C200&ssl=1","width":350,"height":200,"srcset":"https:\/\/i0.wp.com\/jazzproarte.com\/wp-content\/uploads\/2023\/05\/black-papa-foto-mirassol.jpg?resize=350%2C200&ssl=1 1x, https:\/\/i0.wp.com\/jazzproarte.com\/wp-content\/uploads\/2023\/05\/black-papa-foto-mirassol.jpg?resize=525%2C300&ssl=1 1.5x, https:\/\/i0.wp.com\/jazzproarte.com\/wp-content\/uploads\/2023\/05\/black-papa-foto-mirassol.jpg?resize=700%2C400&ssl=1 2x"},"classes":[]},{"id":3881,"url":"https:\/\/jazzproarte.com\/es\/espanol\/","url_meta":{"origin":831,"position":5},"title":"\u200e &#8211; Espa\u00f1ol","author":"jazzproarte","date":"10 de mayo de 2023","format":false,"excerpt":"M\u00fasica , CircO Y Artes de Calle Desde 2014, organizamos eventos y llevamosla diversidad cultural en todo tipo de p\u00fablico.\u00bfConoces las Bandas de Swing Jazz en Barcelona? Sobre NosOSTROS Cont\u00c1ctanOs Establecida en Ciutat Vella, Barcelona, Jazz Pro Arte representa a artistas j\u00f3venes y veteranos, que act\u00faan en contacto directo con\u2026","rel":"","context":"Entrada similar","block_context":{"text":"Entrada similar","link":""},"img":{"alt_text":"","src":"https:\/\/i0.wp.com\/jazzproarte.com\/wp-content\/uploads\/2023\/05\/laravalrisopetit-1.png?resize=350%2C200&ssl=1","width":350,"height":200,"srcset":"https:\/\/i0.wp.com\/jazzproarte.com\/wp-content\/uploads\/2023\/05\/laravalrisopetit-1.png?resize=350%2C200&ssl=1 1x, https:\/\/i0.wp.com\/jazzproarte.com\/wp-content\/uploads\/2023\/05\/laravalrisopetit-1.png?resize=525%2C300&ssl=1 1.5x"},"classes":[]}],"_links":{"self":[{"href":"https:\/\/jazzproarte.com\/es\/wp-json\/wp\/v2\/pages\/831","targetHints":{"allow":["GET"]}}],"collection":[{"href":"https:\/\/jazzproarte.com\/es\/wp-json\/wp\/v2\/pages"}],"about":[{"href":"https:\/\/jazzproarte.com\/es\/wp-json\/wp\/v2\/types\/page"}],"author":[{"embeddable":true,"href":"https:\/\/jazzproarte.com\/es\/wp-json\/wp\/v2\/users\/1"}],"replies":[{"embeddable":true,"href":"https:\/\/jazzproarte.com\/es\/wp-json\/wp\/v2\/comments?post=831"}],"version-history":[{"count":4,"href":"https:\/\/jazzproarte.com\/es\/wp-json\/wp\/v2\/pages\/831\/revisions"}],"predecessor-version":[{"id":4921,"href":"https:\/\/jazzproarte.com\/es\/wp-json\/wp\/v2\/pages\/831\/revisions\/4921"}],"wp:attachment":[{"href":"https:\/\/jazzproarte.com\/es\/wp-json\/wp\/v2\/media?parent=831"}],"curies":[{"name":"wp","href":"https:\/\/api.w.org\/{rel}","templated":true}]}}